{"id":46,"date":"2025-11-14T14:13:38","date_gmt":"2025-11-14T07:13:38","guid":{"rendered":"https:\/\/dabacoffee.com\/?page_id=46"},"modified":"2025-11-14T14:18:05","modified_gmt":"2025-11-14T07:18:05","slug":"cau-chuyen-ca-phe","status":"publish","type":"page","link":"http:\/\/dabacoffee.com\/index.php\/cau-chuyen-ca-phe\/","title":{"rendered":"C\u00c2U CHUY\u1ec6N C\u00c0 PH\u00ca"},"content":{"rendered":"\n<div class=\"wp-block-cover\"><img loading=\"lazy\" decoding=\"async\" width=\"1600\" height=\"562\" class=\"wp-block-cover__image-background wp-image-50 size-full\" alt=\"\" src=\"https:\/\/dabacoffee.com\/wp-content\/uploads\/2025\/11\/2621350188439360.jpg\" data-object-fit=\"cover\" srcset=\"http:\/\/dabacoffee.com\/wp-content\/uploads\/2025\/11\/2621350188439360.jpg 1600w, http:\/\/dabacoffee.com\/wp-content\/uploads\/2025\/11\/2621350188439360-300x105.jpg 300w, http:\/\/dabacoffee.com\/wp-content\/uploads\/2025\/11\/2621350188439360-1024x360.jpg 1024w, http:\/\/dabacoffee.com\/wp-content\/uploads\/2025\/11\/2621350188439360-768x270.jpg 768w, http:\/\/dabacoffee.com\/wp-content\/uploads\/2025\/11\/2621350188439360-1536x540.jpg 1536w\" sizes=\"auto, (max-width: 1600px) 100vw, 1600px\" \/><span aria-hidden=\"true\" class=\"wp-block-cover__background has-background-dim\" style=\"background-color:#654733\"><\/span><div class=\"wp-block-cover__inner-container has-global-padding is-layout-constrained wp-block-cover-is-layout-constrained\">\n<p class=\"has-text-align-center has-large-font-size\"><\/p>\n<\/div><\/div>\n\n\n\n<h3 class=\"wp-block-heading\"><strong>T\u1eebng gi\u1ecdt c\u00e0 ph\u00ea mang m\u1ed9t c\u00e2u chuy\u1ec7n<\/strong><\/h3>\n\n\n\n<p>M\u1ed7i t\u00e1ch c\u00e0 ph\u00ea \u0111\u01b0\u1ee3c ph\u1ee5c v\u1ee5 t\u1ea1i DABA \u0111\u1ec1u g\u1eafn li\u1ec1n v\u1edbi h\u00e0nh tr\u00ecnh d\u00e0i:<br>t\u1eeb nh\u1eefng n\u00f4ng h\u1ed9 tr\u00ean cao nguy\u00ean xa x\u00f4i, t\u1edbi b\u00e0n tay ng\u01b0\u1eddi th\u1ee3 rang, r\u1ed3i \u0111\u1ebfn kho\u1ea3nh kh\u1eafc b\u1ea1n n\u00e2ng ly l\u00ean.<br>Ch\u00fang t\u00f4i t\u00f4n tr\u1ecdng t\u1eebng giai \u0111o\u1ea1n, b\u1edfi ch\u00fang t\u00f4i tin r\u1eb1ng&nbsp;<strong>c\u00e2u chuy\u1ec7n l\u00e0m n\u00ean h\u01b0\u01a1ng v\u1ecb<\/strong>.<\/p>\n\n\n\n<p>H\u00e3y c\u00f9ng ch\u00fang t\u00f4i kh\u00e1m ph\u00e1 th\u00eam nh\u1eefng c\u00e2u chuy\u1ec7n \u1ea5y trong m\u1ee5c&nbsp;<em>Blog<\/em>.<\/p>\n\n\n\n<p><\/p>\n\n\n\n<figure class=\"wp-block-image size-large\"><img loading=\"lazy\" decoding=\"async\" width=\"1024\" height=\"683\" src=\"http:\/\/dabacoffee.com\/wp-content\/uploads\/2025\/11\/anh-ly-cafe-ngon_110730721-1024x683.jpg\" alt=\"\" class=\"wp-image-51\" srcset=\"http:\/\/dabacoffee.com\/wp-content\/uploads\/2025\/11\/anh-ly-cafe-ngon_110730721-1024x683.jpg 1024w, http:\/\/dabacoffee.com\/wp-content\/uploads\/2025\/11\/anh-ly-cafe-ngon_110730721-300x200.jpg 300w, http:\/\/dabacoffee.com\/wp-content\/uploads\/2025\/11\/anh-ly-cafe-ngon_110730721-768x512.jpg 768w, http:\/\/dabacoffee.com\/wp-content\/uploads\/2025\/11\/anh-ly-cafe-ngon_110730721-1536x1024.jpg 1536w, http:\/\/dabacoffee.com\/wp-content\/uploads\/2025\/11\/anh-ly-cafe-ngon_110730721.jpg 1900w\" sizes=\"auto, (max-width: 1024px) 100vw, 1024px\" \/><\/figure>\n\n\n\n<p><\/p>\n","protected":false},"excerpt":{"rendered":"<p>T\u1eebng gi\u1ecdt c\u00e0 ph\u00ea mang m\u1ed9t c\u00e2u chuy\u1ec7n M\u1ed7i t\u00e1ch c\u00e0 ph\u00ea \u0111\u01b0\u1ee3c ph\u1ee5c v\u1ee5 t\u1ea1i DABA \u0111\u1ec1u g\u1eafn li\u1ec1n v\u1edbi h\u00e0nh tr\u00ecnh d\u00e0i:t\u1eeb nh\u1eefng n\u00f4ng h\u1ed9 tr\u00ean cao nguy\u00ean xa x\u00f4i, t\u1edbi b\u00e0n tay ng\u01b0\u1eddi th\u1ee3 rang, r\u1ed3i \u0111\u1ebfn kho\u1ea3nh kh\u1eafc b\u1ea1n n\u00e2ng ly l\u00ean.Ch\u00fang t\u00f4i t\u00f4n tr\u1ecdng t\u1eebng giai \u0111o\u1ea1n, b\u1edfi ch\u00fang t\u00f4i [&hellip;]<\/p>\n","protected":false},"author":1,"featured_media":0,"parent":0,"menu_order":0,"comment_status":"closed","ping_status":"closed","template":"","meta":{"footnotes":""},"class_list":["post-46","page","type-page","status-publish","hentry"],"_links":{"self":[{"href":"http:\/\/dabacoffee.com\/index.php\/wp-json\/wp\/v2\/pages\/46","targetHints":{"allow":["GET"]}}],"collection":[{"href":"http:\/\/dabacoffee.com\/index.php\/wp-json\/wp\/v2\/pages"}],"about":[{"href":"http:\/\/dabacoffee.com\/index.php\/wp-json\/wp\/v2\/types\/page"}],"author":[{"embeddable":true,"href":"http:\/\/dabacoffee.com\/index.php\/wp-json\/wp\/v2\/users\/1"}],"replies":[{"embeddable":true,"href":"http:\/\/dabacoffee.com\/index.php\/wp-json\/wp\/v2\/comments?post=46"}],"version-history":[{"count":0,"href":"http:\/\/dabacoffee.com\/index.php\/wp-json\/wp\/v2\/pages\/46\/revisions"}],"wp:attachment":[{"href":"http:\/\/dabacoffee.com\/index.php\/wp-json\/wp\/v2\/media?parent=46"}],"curies":[{"name":"wp","href":"https:\/\/api.w.org\/{rel}","templated":true}]}}